{"id":542,"date":"2024-12-04T10:15:06","date_gmt":"2024-12-04T10:15:06","guid":{"rendered":"https:\/\/nataliaar.com\/?page_id=542"},"modified":"2026-02-22T08:21:01","modified_gmt":"2026-02-22T08:21:01","slug":"eventos-corporativos","status":"publish","type":"page","link":"https:\/\/nataliaar.com\/en\/event-planner\/eventos-corporativos\/","title":{"rendered":"CORPORATE EVENTS"},"content":{"rendered":"<div data-elementor-type=\"wp-page\" data-elementor-id=\"542\" class=\"elementor elementor-542\" data-elementor-post-type=\"page\">\n\t\t\t\t<div class=\"elementor-element elementor-element-ebb9fea e-flex e-con-boxed e-con e-parent\" data-id=\"ebb9fea\" data-element_type=\"container\" data-e-type=\"container\">\n\t\t\t\t\t<div class=\"e-con-inner\">\n\t\t\t\t<div class=\"elementor-element elementor-element-3174b6d elementor-widget elementor-widget-spacer\" data-id=\"3174b6d\" data-element_type=\"widget\" data-e-type=\"widget\" data-widget_type=\"spacer.default\">\n\t\t\t\t<div class=\"elementor-widget-container\">\n\t\t\t\t\t\t\t<div class=\"elementor-spacer\">\n\t\t\t<div class=\"elementor-spacer-inner\"><\/div>\n\t\t<\/div>\n\t\t\t\t\t\t<\/div>\n\t\t\t\t<\/div>\n\t\t\t\t\t<\/div>\n\t\t\t\t<\/div>\n\t\t<div class=\"elementor-element elementor-element-7389ff5 e-con-full e-flex e-con e-parent\" data-id=\"7389ff5\" data-element_type=\"container\" data-e-type=\"container\" data-settings=\"{&quot;background_background&quot;:&quot;classic&quot;}\">\n\t\t<div class=\"elementor-element elementor-element-4a14856 e-con-full e-flex e-con e-child\" data-id=\"4a14856\" data-element_type=\"container\" data-e-type=\"container\">\n\t\t\t\t<div class=\"elementor-element elementor-element-7a13fb8 elementor-widget elementor-widget-heading\" data-id=\"7a13fb8\" data-element_type=\"widget\" data-e-type=\"widget\" data-widget_type=\"heading.default\">\n\t\t\t\t<div class=\"elementor-widget-container\">\n\t\t\t\t\t<h1 class=\"elementor-heading-title elementor-size-default\">CORPORATE EVENTS<\/h1>\t\t\t\t<\/div>\n\t\t\t\t<\/div>\n\t\t\t\t<div class=\"elementor-element elementor-element-1852022 elementor-widget-divider--view-line elementor-widget elementor-widget-divider\" data-id=\"1852022\" data-element_type=\"widget\" data-e-type=\"widget\" data-widget_type=\"divider.default\">\n\t\t\t\t<div class=\"elementor-widget-container\">\n\t\t\t\t\t\t\t<div class=\"elementor-divider\">\n\t\t\t<span class=\"elementor-divider-separator\">\n\t\t\t\t\t\t<\/span>\n\t\t<\/div>\n\t\t\t\t\t\t<\/div>\n\t\t\t\t<\/div>\n\t\t\t\t<div class=\"elementor-element elementor-element-b7b7076 elementor-widget elementor-widget-text-editor\" data-id=\"b7b7076\" data-element_type=\"widget\" data-e-type=\"widget\" data-widget_type=\"text-editor.default\">\n\t\t\t\t<div class=\"elementor-widget-container\">\n\t\t\t\t\t\t\t\t\t<p>Corporate events<br \/>Conferences<br \/>Team Building<br \/>Product Presentations<br \/>Photo-Video Sessions<\/p>\t\t\t\t\t\t\t\t<\/div>\n\t\t\t\t<\/div>\n\t\t\t\t<div class=\"elementor-element elementor-element-da92813 elementor-widget elementor-widget-text-editor\" data-id=\"da92813\" data-element_type=\"widget\" data-e-type=\"widget\" data-widget_type=\"text-editor.default\">\n\t\t\t\t<div class=\"elementor-widget-container\">\n\t\t\t\t\t\t\t\t\t<p>We design unique experiences that align with your company\u2019s goals from the very first interaction. Specializing in corporate events, conferences, and product launches, we transform your ideas into creative, standout experiences that leave<br \/>a lasting impression.<br \/>Our approach is innovative and tailored to your specific needs. Whether it\u2019s strengthening team connections through outdoor or urban activities or launching a product with maximum impact, each event becomes a strategic tool<br \/>to engage your audience and showcase your brand\u2019s essence.<br \/>Additionally, we capture the most important moments with high-quality photography and video production, creating impactful visual content for social media, internal communications, or external promotions.<\/p>\t\t\t\t\t\t\t\t<\/div>\n\t\t\t\t<\/div>\n\t\t\t\t<\/div>\n\t\t\t\t<\/div>\n\t\t<div class=\"elementor-element elementor-element-0dd3da8 e-con-full e-flex e-con e-parent\" data-id=\"0dd3da8\" data-element_type=\"container\" data-e-type=\"container\">\n\t\t<div class=\"elementor-element elementor-element-5821f5b e-con-full e-flex e-con e-child\" data-id=\"5821f5b\" data-element_type=\"container\" data-e-type=\"container\">\n\t\t<div class=\"elementor-element elementor-element-d05b9a2 e-con-full e-flex e-con e-child\" data-id=\"d05b9a2\" data-element_type=\"container\" data-e-type=\"container\">\n\t\t\t\t<div class=\"elementor-element elementor-element-c588d69 elementor-widget elementor-widget-image\" data-id=\"c588d69\" data-element_type=\"widget\" data-e-type=\"widget\" data-widget_type=\"image.default\">\n\t\t\t\t<div class=\"elementor-widget-container\">\n\t\t\t\t\t\t\t\t\t\t\t\t\t\t\t<img fetchpriority=\"high\" decoding=\"async\" width=\"1024\" height=\"768\" src=\"https:\/\/nataliaar.com\/wp-content\/uploads\/2024\/12\/1-1-1024x768.jpg\" class=\"attachment-large size-large wp-image-730\" alt=\"Eventos de empresa actividades en grupo Ibiza. Team building\" srcset=\"https:\/\/nataliaar.com\/wp-content\/uploads\/2024\/12\/1-1-1024x768.jpg 1024w, https:\/\/nataliaar.com\/wp-content\/uploads\/2024\/12\/1-1-300x225.jpg 300w, https:\/\/nataliaar.com\/wp-content\/uploads\/2024\/12\/1-1-768x576.jpg 768w, https:\/\/nataliaar.com\/wp-content\/uploads\/2024\/12\/1-1.jpg 1049w\" sizes=\"(max-width: 1024px) 100vw, 1024px\" \/>\t\t\t\t\t\t\t\t\t\t\t\t\t\t\t<\/div>\n\t\t\t\t<\/div>\n\t\t\t\t<\/div>\n\t\t<div class=\"elementor-element elementor-element-a14d1f6 e-con-full e-flex e-con e-child\" data-id=\"a14d1f6\" data-element_type=\"container\" data-e-type=\"container\">\n\t\t\t\t<div class=\"elementor-element elementor-element-47dc924 elementor-widget elementor-widget-image\" data-id=\"47dc924\" data-element_type=\"widget\" data-e-type=\"widget\" data-widget_type=\"image.default\">\n\t\t\t\t<div class=\"elementor-widget-container\">\n\t\t\t\t\t\t\t\t\t\t\t\t\t\t\t<img decoding=\"async\" width=\"1024\" height=\"768\" src=\"https:\/\/nataliaar.com\/wp-content\/uploads\/2024\/12\/2-1-1024x768.jpg\" class=\"attachment-large size-large wp-image-731\" alt=\"Eventos de empresa paddle surf al atardecer en grupo Ibiza. Experiencias \u00fanicas\" srcset=\"https:\/\/nataliaar.com\/wp-content\/uploads\/2024\/12\/2-1-1024x768.jpg 1024w, https:\/\/nataliaar.com\/wp-content\/uploads\/2024\/12\/2-1-300x225.jpg 300w, https:\/\/nataliaar.com\/wp-content\/uploads\/2024\/12\/2-1-768x576.jpg 768w, https:\/\/nataliaar.com\/wp-content\/uploads\/2024\/12\/2-1.jpg 1049w\" sizes=\"(max-width: 1024px) 100vw, 1024px\" \/>\t\t\t\t\t\t\t\t\t\t\t\t\t\t\t<\/div>\n\t\t\t\t<\/div>\n\t\t\t\t<\/div>\n\t\t<div class=\"elementor-element elementor-element-4075414 e-con-full e-flex e-con e-child\" data-id=\"4075414\" data-element_type=\"container\" data-e-type=\"container\">\n\t\t\t\t<div class=\"elementor-element elementor-element-f7e45de elementor-widget elementor-widget-image\" data-id=\"f7e45de\" data-element_type=\"widget\" data-e-type=\"widget\" data-widget_type=\"image.default\">\n\t\t\t\t<div class=\"elementor-widget-container\">\n\t\t\t\t\t\t\t\t\t\t\t\t\t\t\t<img decoding=\"async\" width=\"1024\" height=\"768\" src=\"https:\/\/nataliaar.com\/wp-content\/uploads\/2024\/12\/3-1-1024x768.jpg\" class=\"attachment-large size-large wp-image-732\" alt=\"Eventos de empresa\" srcset=\"https:\/\/nataliaar.com\/wp-content\/uploads\/2024\/12\/3-1-1024x768.jpg 1024w, https:\/\/nataliaar.com\/wp-content\/uploads\/2024\/12\/3-1-300x225.jpg 300w, https:\/\/nataliaar.com\/wp-content\/uploads\/2024\/12\/3-1-768x576.jpg 768w, https:\/\/nataliaar.com\/wp-content\/uploads\/2024\/12\/3-1.jpg 1049w\" sizes=\"(max-width: 1024px) 100vw, 1024px\" \/>\t\t\t\t\t\t\t\t\t\t\t\t\t\t\t<\/div>\n\t\t\t\t<\/div>\n\t\t\t\t<\/div>\n\t\t<div class=\"elementor-element elementor-element-ceaa28f e-con-full e-flex e-con e-child\" data-id=\"ceaa28f\" data-element_type=\"container\" data-e-type=\"container\">\n\t\t\t\t<div class=\"elementor-element elementor-element-f9d4af8 elementor-widget elementor-widget-image\" data-id=\"f9d4af8\" data-element_type=\"widget\" data-e-type=\"widget\" data-widget_type=\"image.default\">\n\t\t\t\t<div class=\"elementor-widget-container\">\n\t\t\t\t\t\t\t\t\t\t\t\t\t\t\t<img loading=\"lazy\" decoding=\"async\" width=\"1024\" height=\"768\" src=\"https:\/\/nataliaar.com\/wp-content\/uploads\/2024\/12\/4-1-1024x768.jpg\" class=\"attachment-large size-large wp-image-733\" alt=\"Eventos de empresa actividades en grupo ibiza. experiencias\" srcset=\"https:\/\/nataliaar.com\/wp-content\/uploads\/2024\/12\/4-1-1024x768.jpg 1024w, https:\/\/nataliaar.com\/wp-content\/uploads\/2024\/12\/4-1-300x225.jpg 300w, https:\/\/nataliaar.com\/wp-content\/uploads\/2024\/12\/4-1-768x576.jpg 768w, https:\/\/nataliaar.com\/wp-content\/uploads\/2024\/12\/4-1.jpg 1049w\" sizes=\"(max-width: 1024px) 100vw, 1024px\" \/>\t\t\t\t\t\t\t\t\t\t\t\t\t\t\t<\/div>\n\t\t\t\t<\/div>\n\t\t\t\t<\/div>\n\t\t\t\t<\/div>\n\t\t\t\t<\/div>\n\t\t<div class=\"elementor-element elementor-element-b1ee177 e-flex e-con-boxed e-con e-parent\" data-id=\"b1ee177\" data-element_type=\"container\" data-e-type=\"container\">\n\t\t\t\t\t<div class=\"e-con-inner\">\n\t\t<div class=\"elementor-element elementor-element-aafd55e e-con-full e-flex e-con e-child\" data-id=\"aafd55e\" data-element_type=\"container\" data-e-type=\"container\">\n\t\t\t\t<div class=\"elementor-element elementor-element-be51f4c elementor-widget elementor-widget-spacer\" data-id=\"be51f4c\" data-element_type=\"widget\" data-e-type=\"widget\" data-widget_type=\"spacer.default\">\n\t\t\t\t<div class=\"elementor-widget-container\">\n\t\t\t\t\t\t\t<div class=\"elementor-spacer\">\n\t\t\t<div class=\"elementor-spacer-inner\"><\/div>\n\t\t<\/div>\n\t\t\t\t\t\t<\/div>\n\t\t\t\t<\/div>\n\t\t<div class=\"elementor-element elementor-element-e6dc05d e-con-full e-flex e-con e-child\" data-id=\"e6dc05d\" data-element_type=\"container\" data-e-type=\"container\">\n\t\t\t\t<div class=\"elementor-element elementor-element-d8949dc elementor-widget elementor-widget-text-editor\" data-id=\"d8949dc\" data-element_type=\"widget\" data-e-type=\"widget\" data-widget_type=\"text-editor.default\">\n\t\t\t\t<div class=\"elementor-widget-container\">\n\t\t\t\t\t\t\t\t\t<p>\u00abWe create to amaze, we design to be remembered.\u00bb<\/p>\t\t\t\t\t\t\t\t<\/div>\n\t\t\t\t<\/div>\n\t\t\t\t<div class=\"elementor-element elementor-element-45f2423 elementor-widget elementor-widget-spacer\" data-id=\"45f2423\" data-element_type=\"widget\" data-e-type=\"widget\" data-widget_type=\"spacer.default\">\n\t\t\t\t<div class=\"elementor-widget-container\">\n\t\t\t\t\t\t\t<div class=\"elementor-spacer\">\n\t\t\t<div class=\"elementor-spacer-inner\"><\/div>\n\t\t<\/div>\n\t\t\t\t\t\t<\/div>\n\t\t\t\t<\/div>\n\t\t\t\t<\/div>\n\t\t\t\t<\/div>\n\t\t\t\t\t<\/div>\n\t\t\t\t<\/div>\n\t\t\t\t<\/div>","protected":false},"excerpt":{"rendered":"<p>EVENTOS DE EMPRESAS CorporativosCongresosTeam BuildingPresentacionesSesiones de fotograf\u00eda &#8211; V\u00eddeo Dise\u00f1amos experiencias \u00fanicas que conectan con los objetivos de tu empresa [&hellip;]<\/p>\n","protected":false},"author":1,"featured_media":0,"parent":2464,"menu_order":0,"comment_status":"closed","ping_status":"closed","template":"","meta":{"site-sidebar-layout":"no-sidebar","site-content-layout":"plain-container","ast-site-content-layout":"full-width-container","site-content-style":"default","site-sidebar-style":"default","ast-global-header-display":"","ast-banner-title-visibility":"disabled","ast-main-header-display":"","ast-hfb-above-header-display":"","ast-hfb-below-header-display":"","ast-hfb-mobile-header-display":"","site-post-title":"disabled","ast-breadcrumbs-content":"","ast-featured-img":"disabled","footer-sml-layout":"","ast-disable-related-posts":"","theme-transparent-header-meta":"enabled","adv-header-id-meta":"","stick-header-meta":"","header-above-stick-meta":"","header-main-stick-meta":"","header-below-stick-meta":"","astra-migrate-meta-layouts":"default","ast-page-background-enabled":"default","ast-page-background-meta":{"desktop":{"background-color":"var(--ast-global-color-4)","background-image":"","background-repeat":"repeat","background-position":"center center","background-size":"auto","background-attachment":"scroll","background-type":"","background-media":"","overlay-type":"","overlay-color":"","overlay-opacity":"","overlay-gradient":""},"tablet":{"background-color":"","background-image":"","background-repeat":"repeat","background-position":"center center","background-size":"auto","background-attachment":"scroll","background-type":"","background-media":"","overlay-type":"","overlay-color":"","overlay-opacity":"","overlay-gradient":""},"mobile":{"background-color":"","background-image":"","background-repeat":"repeat","background-position":"center center","background-size":"auto","background-attachment":"scroll","background-type":"","background-media":"","overlay-type":"","overlay-color":"","overlay-opacity":"","overlay-gradient":""}},"ast-content-background-meta":{"desktop":{"background-color":"var(--ast-global-color-5)","background-image":"","background-repeat":"repeat","background-position":"center center","background-size":"auto","background-attachment":"scroll","background-type":"","background-media":"","overlay-type":"","overlay-color":"","overlay-opacity":"","overlay-gradient":""},"tablet":{"background-color":"var(--ast-global-color-5)","background-image":"","background-repeat":"repeat","background-position":"center center","background-size":"auto","background-attachment":"scroll","background-type":"","background-media":"","overlay-type":"","overlay-color":"","overlay-opacity":"","overlay-gradient":""},"mobile":{"background-color":"var(--ast-global-color-5)","background-image":"","background-repeat":"repeat","background-position":"center center","background-size":"auto","background-attachment":"scroll","background-type":"","background-media":"","overlay-type":"","overlay-color":"","overlay-opacity":"","overlay-gradient":""}},"_joinchat":[],"footnotes":""},"class_list":["post-542","page","type-page","status-publish","hentry"],"_links":{"self":[{"href":"https:\/\/nataliaar.com\/en\/wp-json\/wp\/v2\/pages\/542","targetHints":{"allow":["GET"]}}],"collection":[{"href":"https:\/\/nataliaar.com\/en\/wp-json\/wp\/v2\/pages"}],"about":[{"href":"https:\/\/nataliaar.com\/en\/wp-json\/wp\/v2\/types\/page"}],"author":[{"embeddable":true,"href":"https:\/\/nataliaar.com\/en\/wp-json\/wp\/v2\/users\/1"}],"replies":[{"embeddable":true,"href":"https:\/\/nataliaar.com\/en\/wp-json\/wp\/v2\/comments?post=542"}],"version-history":[{"count":32,"href":"https:\/\/nataliaar.com\/en\/wp-json\/wp\/v2\/pages\/542\/revisions"}],"predecessor-version":[{"id":3438,"href":"https:\/\/nataliaar.com\/en\/wp-json\/wp\/v2\/pages\/542\/revisions\/3438"}],"up":[{"embeddable":true,"href":"https:\/\/nataliaar.com\/en\/wp-json\/wp\/v2\/pages\/2464"}],"wp:attachment":[{"href":"https:\/\/nataliaar.com\/en\/wp-json\/wp\/v2\/media?parent=542"}],"curies":[{"name":"wp","href":"https:\/\/api.w.org\/{rel}","templated":true}]}}