{"id":478,"date":"2024-12-03T11:33:20","date_gmt":"2024-12-03T11:33:20","guid":{"rendered":"https:\/\/nataliaar.com\/?page_id=478"},"modified":"2026-02-22T07:38:11","modified_gmt":"2026-02-22T07:38:11","slug":"produccion-artistica","status":"publish","type":"page","link":"https:\/\/nataliaar.com\/en\/event-planner\/produccion-artistica\/","title":{"rendered":"ARTISTIC PRODUCTION"},"content":{"rendered":"<div data-elementor-type=\"wp-page\" data-elementor-id=\"478\" class=\"elementor elementor-478\" data-elementor-post-type=\"page\">\n\t\t\t\t<div class=\"elementor-element elementor-element-ebb9fea e-flex e-con-boxed e-con e-parent\" data-id=\"ebb9fea\" data-element_type=\"container\" data-e-type=\"container\">\n\t\t\t\t\t<div class=\"e-con-inner\">\n\t\t\t\t<div class=\"elementor-element elementor-element-3174b6d elementor-widget elementor-widget-spacer\" data-id=\"3174b6d\" data-element_type=\"widget\" data-e-type=\"widget\" data-widget_type=\"spacer.default\">\n\t\t\t\t<div class=\"elementor-widget-container\">\n\t\t\t\t\t\t\t<div class=\"elementor-spacer\">\n\t\t\t<div class=\"elementor-spacer-inner\"><\/div>\n\t\t<\/div>\n\t\t\t\t\t\t<\/div>\n\t\t\t\t<\/div>\n\t\t\t\t\t<\/div>\n\t\t\t\t<\/div>\n\t\t<div class=\"elementor-element elementor-element-7389ff5 e-con-full e-flex e-con e-parent\" data-id=\"7389ff5\" data-element_type=\"container\" data-e-type=\"container\" data-settings=\"{&quot;background_background&quot;:&quot;classic&quot;}\">\n\t\t<div class=\"elementor-element elementor-element-4a14856 e-con-full e-flex e-con e-child\" data-id=\"4a14856\" data-element_type=\"container\" data-e-type=\"container\">\n\t\t\t\t<div class=\"elementor-element elementor-element-7a13fb8 elementor-widget elementor-widget-heading\" data-id=\"7a13fb8\" data-element_type=\"widget\" data-e-type=\"widget\" data-widget_type=\"heading.default\">\n\t\t\t\t<div class=\"elementor-widget-container\">\n\t\t\t\t\t<h2 class=\"elementor-heading-title elementor-size-default\">ARTISTIC PRODUCTION<\/h2>\t\t\t\t<\/div>\n\t\t\t\t<\/div>\n\t\t\t\t<div class=\"elementor-element elementor-element-bb384b0 elementor-widget-divider--view-line elementor-widget elementor-widget-divider\" data-id=\"bb384b0\" data-element_type=\"widget\" data-e-type=\"widget\" data-widget_type=\"divider.default\">\n\t\t\t\t<div class=\"elementor-widget-container\">\n\t\t\t\t\t\t\t<div class=\"elementor-divider\">\n\t\t\t<span class=\"elementor-divider-separator\">\n\t\t\t\t\t\t<\/span>\n\t\t<\/div>\n\t\t\t\t\t\t<\/div>\n\t\t\t\t<\/div>\n\t\t\t\t<div class=\"elementor-element elementor-element-907c63e elementor-widget elementor-widget-heading\" data-id=\"907c63e\" data-element_type=\"widget\" data-e-type=\"widget\" data-widget_type=\"heading.default\">\n\t\t\t\t<div class=\"elementor-widget-container\">\n\t\t\t\t\t<h2 class=\"elementor-heading-title elementor-size-default\">SHOW PRODUCTION<\/h2>\t\t\t\t<\/div>\n\t\t\t\t<\/div>\n\t\t\t\t<div class=\"elementor-element elementor-element-b7b7076 elementor-widget elementor-widget-text-editor\" data-id=\"b7b7076\" data-element_type=\"widget\" data-e-type=\"widget\" data-widget_type=\"text-editor.default\">\n\t\t\t\t<div class=\"elementor-widget-container\">\n\t\t\t\t\t\t\t\t\t<p>Stylists<\/p><p>Makeup Artists<\/p><p>Hairdressers<\/p><p>Costume Designers<\/p>\t\t\t\t\t\t\t\t<\/div>\n\t\t\t\t<\/div>\n\t\t\t\t<div class=\"elementor-element elementor-element-da92813 elementor-widget__width-initial elementor-widget elementor-widget-text-editor\" data-id=\"da92813\" data-element_type=\"widget\" data-e-type=\"widget\" data-widget_type=\"text-editor.default\">\n\t\t\t\t<div class=\"elementor-widget-container\">\n\t\t\t\t\t\t\t\t\t<p>We bring your ideas to life through unique, customized show productions, guiding you from the initial consultation to the grand event. Our commitment is to understand your vision and meticulously craft every detail to ensure a memorable experience<br \/>with a personalized touch.<br \/>We pay special attention to the aesthetics of your event, ensuring a flawless and distinctive look. Our services include custom wardrobe design and access to top-tier stylists, makeup artists, and hairdressers<br \/>to create the perfect look for any occasion.<br \/>Decor and theme design play a crucial role in setting the scene. With a cohesive narrative and spectacular visuals, we handle everything from high-quality sound and immersive lighting to fully integrated audiovisual solutions that captivate every guest.<\/p>\t\t\t\t\t\t\t\t<\/div>\n\t\t\t\t<\/div>\n\t\t\t\t<\/div>\n\t\t\t\t<\/div>\n\t\t<div class=\"elementor-element elementor-element-0dd3da8 e-con-full e-flex e-con e-parent\" data-id=\"0dd3da8\" data-element_type=\"container\" data-e-type=\"container\">\n\t\t<div class=\"elementor-element elementor-element-37e3755 e-con-full e-flex e-con e-child\" data-id=\"37e3755\" data-element_type=\"container\" data-e-type=\"container\">\n\t\t\t\t<div class=\"elementor-element elementor-element-964f10b elementor-widget elementor-widget-image\" data-id=\"964f10b\" data-element_type=\"widget\" data-e-type=\"widget\" data-widget_type=\"image.default\">\n\t\t\t\t<div class=\"elementor-widget-container\">\n\t\t\t\t\t\t\t\t\t\t\t\t\t\t\t<img fetchpriority=\"high\" decoding=\"async\" width=\"1024\" height=\"768\" src=\"https:\/\/nataliaar.com\/wp-content\/uploads\/2024\/12\/IMG-20241203-WA0007-1024x768.jpg\" class=\"attachment-large size-large wp-image-494\" alt=\"Producci\u00f3n art\u00edstica Estilistas Ibiza\" srcset=\"https:\/\/nataliaar.com\/wp-content\/uploads\/2024\/12\/IMG-20241203-WA0007-1024x768.jpg 1024w, https:\/\/nataliaar.com\/wp-content\/uploads\/2024\/12\/IMG-20241203-WA0007-300x225.jpg 300w, https:\/\/nataliaar.com\/wp-content\/uploads\/2024\/12\/IMG-20241203-WA0007-768x576.jpg 768w, https:\/\/nataliaar.com\/wp-content\/uploads\/2024\/12\/IMG-20241203-WA0007-1536x1152.jpg 1536w, https:\/\/nataliaar.com\/wp-content\/uploads\/2024\/12\/IMG-20241203-WA0007.webp 1600w\" sizes=\"(max-width: 1024px) 100vw, 1024px\" \/>\t\t\t\t\t\t\t\t\t\t\t\t\t\t\t<\/div>\n\t\t\t\t<\/div>\n\t\t\t\t<\/div>\n\t\t<div class=\"elementor-element elementor-element-cb4f5de e-con-full e-flex e-con e-child\" data-id=\"cb4f5de\" data-element_type=\"container\" data-e-type=\"container\">\n\t\t\t\t<div class=\"elementor-element elementor-element-835c75c elementor-widget elementor-widget-image\" data-id=\"835c75c\" data-element_type=\"widget\" data-e-type=\"widget\" data-widget_type=\"image.default\">\n\t\t\t\t<div class=\"elementor-widget-container\">\n\t\t\t\t\t\t\t\t\t\t\t\t\t\t\t<img decoding=\"async\" width=\"1024\" height=\"768\" src=\"https:\/\/nataliaar.com\/wp-content\/uploads\/2024\/12\/IMG-20241203-WA0006-1024x768.webp\" class=\"attachment-large size-large wp-image-493\" alt=\"Producci\u00f3n art\u00edstica maquilladores Ibiza\" srcset=\"https:\/\/nataliaar.com\/wp-content\/uploads\/2024\/12\/IMG-20241203-WA0006-1024x768.webp 1024w, https:\/\/nataliaar.com\/wp-content\/uploads\/2024\/12\/IMG-20241203-WA0006-300x225.webp 300w, https:\/\/nataliaar.com\/wp-content\/uploads\/2024\/12\/IMG-20241203-WA0006-768x576.webp 768w, https:\/\/nataliaar.com\/wp-content\/uploads\/2024\/12\/IMG-20241203-WA0006-1536x1152.webp 1536w, https:\/\/nataliaar.com\/wp-content\/uploads\/2024\/12\/IMG-20241203-WA0006.webp 1600w\" sizes=\"(max-width: 1024px) 100vw, 1024px\" \/>\t\t\t\t\t\t\t\t\t\t\t\t\t\t\t<\/div>\n\t\t\t\t<\/div>\n\t\t\t\t<\/div>\n\t\t<div class=\"elementor-element elementor-element-9f5206c e-con-full e-flex e-con e-child\" data-id=\"9f5206c\" data-element_type=\"container\" data-e-type=\"container\">\n\t\t\t\t<div class=\"elementor-element elementor-element-cc1408b elementor-widget elementor-widget-image\" data-id=\"cc1408b\" data-element_type=\"widget\" data-e-type=\"widget\" data-widget_type=\"image.default\">\n\t\t\t\t<div class=\"elementor-widget-container\">\n\t\t\t\t\t\t\t\t\t\t\t\t\t\t\t<img decoding=\"async\" width=\"1024\" height=\"768\" src=\"https:\/\/nataliaar.com\/wp-content\/uploads\/2024\/12\/IMG-20241203-WA0005-1024x768.webp\" class=\"attachment-large size-large wp-image-492\" alt=\"Producci\u00f3n art\u00edstica peluqueros Ibiza\" srcset=\"https:\/\/nataliaar.com\/wp-content\/uploads\/2024\/12\/IMG-20241203-WA0005-1024x768.webp 1024w, https:\/\/nataliaar.com\/wp-content\/uploads\/2024\/12\/IMG-20241203-WA0005-300x225.webp 300w, https:\/\/nataliaar.com\/wp-content\/uploads\/2024\/12\/IMG-20241203-WA0005-768x576.webp 768w, https:\/\/nataliaar.com\/wp-content\/uploads\/2024\/12\/IMG-20241203-WA0005-1536x1152.webp 1536w, https:\/\/nataliaar.com\/wp-content\/uploads\/2024\/12\/IMG-20241203-WA0005.webp 1600w\" sizes=\"(max-width: 1024px) 100vw, 1024px\" \/>\t\t\t\t\t\t\t\t\t\t\t\t\t\t\t<\/div>\n\t\t\t\t<\/div>\n\t\t\t\t<\/div>\n\t\t<div class=\"elementor-element elementor-element-aa138df e-con-full e-flex e-con e-child\" data-id=\"aa138df\" data-element_type=\"container\" data-e-type=\"container\">\n\t\t\t\t<div class=\"elementor-element elementor-element-3b62e13 elementor-widget elementor-widget-image\" data-id=\"3b62e13\" data-element_type=\"widget\" data-e-type=\"widget\" data-widget_type=\"image.default\">\n\t\t\t\t<div class=\"elementor-widget-container\">\n\t\t\t\t\t\t\t\t\t\t\t\t\t\t\t<img loading=\"lazy\" decoding=\"async\" width=\"1024\" height=\"768\" src=\"https:\/\/nataliaar.com\/wp-content\/uploads\/2024\/12\/IMG-20241203-WA0004-1024x768.webp\" class=\"attachment-large size-large wp-image-491\" alt=\"Producci\u00f3n art\u00edstica dise\u00f1adores de vestuario Ibiza\" srcset=\"https:\/\/nataliaar.com\/wp-content\/uploads\/2024\/12\/IMG-20241203-WA0004-1024x768.webp 1024w, https:\/\/nataliaar.com\/wp-content\/uploads\/2024\/12\/IMG-20241203-WA0004-300x225.webp 300w, https:\/\/nataliaar.com\/wp-content\/uploads\/2024\/12\/IMG-20241203-WA0004-768x576.webp 768w, https:\/\/nataliaar.com\/wp-content\/uploads\/2024\/12\/IMG-20241203-WA0004-1536x1152.webp 1536w, https:\/\/nataliaar.com\/wp-content\/uploads\/2024\/12\/IMG-20241203-WA0004.webp 1600w\" sizes=\"(max-width: 1024px) 100vw, 1024px\" \/>\t\t\t\t\t\t\t\t\t\t\t\t\t\t\t<\/div>\n\t\t\t\t<\/div>\n\t\t\t\t<\/div>\n\t\t\t\t<\/div>\n\t\t<div class=\"elementor-element elementor-element-7b48e7b e-flex e-con-boxed e-con e-parent\" data-id=\"7b48e7b\" data-element_type=\"container\" data-e-type=\"container\">\n\t\t\t\t\t<div class=\"e-con-inner\">\n\t\t\t\t<div class=\"elementor-element elementor-element-fd20e88 elementor-hidden-desktop elementor-hidden-tablet elementor-widget elementor-widget-spacer\" data-id=\"fd20e88\" data-element_type=\"widget\" data-e-type=\"widget\" data-widget_type=\"spacer.default\">\n\t\t\t\t<div class=\"elementor-widget-container\">\n\t\t\t\t\t\t\t<div class=\"elementor-spacer\">\n\t\t\t<div class=\"elementor-spacer-inner\"><\/div>\n\t\t<\/div>\n\t\t\t\t\t\t<\/div>\n\t\t\t\t<\/div>\n\t\t\t\t\t<\/div>\n\t\t\t\t<\/div>\n\t\t<div class=\"elementor-element elementor-element-67371c0 e-con-full e-flex e-con e-parent\" data-id=\"67371c0\" data-element_type=\"container\" data-e-type=\"container\">\n\t\t\t\t<div class=\"elementor-element elementor-element-a476f88 elementor-widget elementor-widget-heading\" data-id=\"a476f88\" data-element_type=\"widget\" data-e-type=\"widget\" data-widget_type=\"heading.default\">\n\t\t\t\t<div class=\"elementor-widget-container\">\n\t\t\t\t\t<h2 class=\"elementor-heading-title elementor-size-default\">AUDIOVISUAL PRODUCTION<\/h2>\t\t\t\t<\/div>\n\t\t\t\t<\/div>\n\t\t\t\t<div class=\"elementor-element elementor-element-8f6ba73 elementor-widget elementor-widget-text-editor\" data-id=\"8f6ba73\" data-element_type=\"widget\" data-e-type=\"widget\" data-widget_type=\"text-editor.default\">\n\t\t\t\t<div class=\"elementor-widget-container\">\n\t\t\t\t\t\t\t\t\t<p>Sound<\/p><p>Lighting<\/p><p>Decor &amp; Staging\u00a0<\/p>\t\t\t\t\t\t\t\t<\/div>\n\t\t\t\t<\/div>\n\t\t\t\t<div class=\"elementor-element elementor-element-2a5e5af elementor-widget__width-initial elementor-widget-tablet__width-initial elementor-widget elementor-widget-text-editor\" data-id=\"2a5e5af\" data-element_type=\"widget\" data-e-type=\"widget\" data-widget_type=\"text-editor.default\">\n\t\t\t\t<div class=\"elementor-widget-container\">\n\t\t\t\t\t\t\t\t\t<p>We bring events to life with meticulous production, offering high-quality sound, immersive lighting, and striking decor that transforms any space. We add a unique touch of entertainment and personalized performances, ensuring every moment feels special.<br>Additionally, we integrate innovative audiovisual solutions to create unforgettable experiences that engage and captivate every guest\u2014turning your event into<br>something truly exceptional.<br>We turn your vision into an unforgettable spectacle!<\/p>\t\t\t\t\t\t\t\t<\/div>\n\t\t\t\t<\/div>\n\t\t\t\t<\/div>\n\t\t<div class=\"elementor-element elementor-element-cbd6a55 e-con-full e-flex e-con e-parent\" data-id=\"cbd6a55\" data-element_type=\"container\" data-e-type=\"container\">\n\t\t<div class=\"elementor-element elementor-element-c743e57 e-con-full e-flex e-con e-child\" data-id=\"c743e57\" data-element_type=\"container\" data-e-type=\"container\">\n\t\t\t\t<div class=\"elementor-element elementor-element-3113ee7 elementor-widget elementor-widget-image\" data-id=\"3113ee7\" data-element_type=\"widget\" data-e-type=\"widget\" data-widget_type=\"image.default\">\n\t\t\t\t<div class=\"elementor-widget-container\">\n\t\t\t\t\t\t\t\t\t\t\t\t\t\t\t<img loading=\"lazy\" decoding=\"async\" width=\"1024\" height=\"768\" src=\"https:\/\/nataliaar.com\/wp-content\/uploads\/2024\/12\/16-1024x768.jpg\" class=\"attachment-large size-large wp-image-503\" alt=\"Producci\u00f3n artistica decoraci\u00f3n-iluminacion Ibiza\" srcset=\"https:\/\/nataliaar.com\/wp-content\/uploads\/2024\/12\/16-1024x768.jpg 1024w, https:\/\/nataliaar.com\/wp-content\/uploads\/2024\/12\/16-300x225.jpg 300w, https:\/\/nataliaar.com\/wp-content\/uploads\/2024\/12\/16-768x576.jpg 768w, https:\/\/nataliaar.com\/wp-content\/uploads\/2024\/12\/16-1536x1152.jpg 1536w, https:\/\/nataliaar.com\/wp-content\/uploads\/2024\/12\/16.webp 1575w\" sizes=\"(max-width: 1024px) 100vw, 1024px\" \/>\t\t\t\t\t\t\t\t\t\t\t\t\t\t\t<\/div>\n\t\t\t\t<\/div>\n\t\t\t\t<\/div>\n\t\t<div class=\"elementor-element elementor-element-4301f76 e-con-full e-flex e-con e-child\" data-id=\"4301f76\" data-element_type=\"container\" data-e-type=\"container\">\n\t\t\t\t<div class=\"elementor-element elementor-element-b9e8b39 elementor-widget elementor-widget-image\" data-id=\"b9e8b39\" data-element_type=\"widget\" data-e-type=\"widget\" data-widget_type=\"image.default\">\n\t\t\t\t<div class=\"elementor-widget-container\">\n\t\t\t\t\t\t\t\t\t\t\t\t\t\t\t<img loading=\"lazy\" decoding=\"async\" width=\"1024\" height=\"768\" src=\"https:\/\/nataliaar.com\/wp-content\/uploads\/2024\/12\/18-1024x768.jpg\" class=\"attachment-large size-large wp-image-505\" alt=\"Producci\u00f3n art\u00edstica decoraci\u00f3n-iluminaci\u00f3n Ibiza. Experiencias \u00danicas\" srcset=\"https:\/\/nataliaar.com\/wp-content\/uploads\/2024\/12\/18-1024x768.jpg 1024w, https:\/\/nataliaar.com\/wp-content\/uploads\/2024\/12\/18-300x225.jpg 300w, https:\/\/nataliaar.com\/wp-content\/uploads\/2024\/12\/18-768x576.jpg 768w, https:\/\/nataliaar.com\/wp-content\/uploads\/2024\/12\/18-1536x1152.jpg 1536w, https:\/\/nataliaar.com\/wp-content\/uploads\/2024\/12\/18.jpg 1575w\" sizes=\"(max-width: 1024px) 100vw, 1024px\" \/>\t\t\t\t\t\t\t\t\t\t\t\t\t\t\t<\/div>\n\t\t\t\t<\/div>\n\t\t\t\t<\/div>\n\t\t<div class=\"elementor-element elementor-element-8e4312e e-con-full e-flex e-con e-child\" data-id=\"8e4312e\" data-element_type=\"container\" data-e-type=\"container\">\n\t\t\t\t<div class=\"elementor-element elementor-element-2861423 elementor-widget elementor-widget-image\" data-id=\"2861423\" data-element_type=\"widget\" data-e-type=\"widget\" data-widget_type=\"image.default\">\n\t\t\t\t<div class=\"elementor-widget-container\">\n\t\t\t\t\t\t\t\t\t\t\t\t\t\t\t<img loading=\"lazy\" decoding=\"async\" width=\"1024\" height=\"768\" src=\"https:\/\/nataliaar.com\/wp-content\/uploads\/2024\/12\/17-1024x768.jpg\" class=\"attachment-large size-large wp-image-504\" alt=\"Producci\u00f3n artistica decoraci\u00f3n-iluminacion\" srcset=\"https:\/\/nataliaar.com\/wp-content\/uploads\/2024\/12\/17-1024x768.jpg 1024w, https:\/\/nataliaar.com\/wp-content\/uploads\/2024\/12\/17-300x225.jpg 300w, https:\/\/nataliaar.com\/wp-content\/uploads\/2024\/12\/17-768x576.jpg 768w, https:\/\/nataliaar.com\/wp-content\/uploads\/2024\/12\/17-1536x1152.jpg 1536w, https:\/\/nataliaar.com\/wp-content\/uploads\/2024\/12\/17.jpg 1575w\" sizes=\"(max-width: 1024px) 100vw, 1024px\" \/>\t\t\t\t\t\t\t\t\t\t\t\t\t\t\t<\/div>\n\t\t\t\t<\/div>\n\t\t\t\t<\/div>\n\t\t<div class=\"elementor-element elementor-element-24fb8b0 e-con-full e-flex e-con e-child\" data-id=\"24fb8b0\" data-element_type=\"container\" data-e-type=\"container\">\n\t\t\t\t<div class=\"elementor-element elementor-element-f38091f elementor-widget elementor-widget-image\" data-id=\"f38091f\" data-element_type=\"widget\" data-e-type=\"widget\" data-widget_type=\"image.default\">\n\t\t\t\t<div class=\"elementor-widget-container\">\n\t\t\t\t\t\t\t\t\t\t\t\t\t\t\t<img loading=\"lazy\" decoding=\"async\" width=\"1024\" height=\"768\" src=\"https:\/\/nataliaar.com\/wp-content\/uploads\/2024\/12\/15-1024x768.webp\" class=\"attachment-large size-large wp-image-502\" alt=\"Producci\u00f3n artistica decoraci\u00f3n-iluminaci\u00f3n Ibiza\" srcset=\"https:\/\/nataliaar.com\/wp-content\/uploads\/2024\/12\/15-1024x768.webp 1024w, https:\/\/nataliaar.com\/wp-content\/uploads\/2024\/12\/15-300x225.webp 300w, https:\/\/nataliaar.com\/wp-content\/uploads\/2024\/12\/15-768x576.webp 768w, https:\/\/nataliaar.com\/wp-content\/uploads\/2024\/12\/15-1536x1152.webp 1536w, https:\/\/nataliaar.com\/wp-content\/uploads\/2024\/12\/15.webp 1575w\" sizes=\"(max-width: 1024px) 100vw, 1024px\" \/>\t\t\t\t\t\t\t\t\t\t\t\t\t\t\t<\/div>\n\t\t\t\t<\/div>\n\t\t\t\t<\/div>\n\t\t\t\t<\/div>\n\t\t<div class=\"elementor-element elementor-element-005a07a e-flex e-con-boxed e-con e-parent\" data-id=\"005a07a\" data-element_type=\"container\" data-e-type=\"container\">\n\t\t\t\t\t<div class=\"e-con-inner\">\n\t\t\t\t<div class=\"elementor-element elementor-element-1a9f749 elementor-widget elementor-widget-spacer\" data-id=\"1a9f749\" data-element_type=\"widget\" data-e-type=\"widget\" data-widget_type=\"spacer.default\">\n\t\t\t\t<div class=\"elementor-widget-container\">\n\t\t\t\t\t\t\t<div class=\"elementor-spacer\">\n\t\t\t<div class=\"elementor-spacer-inner\"><\/div>\n\t\t<\/div>\n\t\t\t\t\t\t<\/div>\n\t\t\t\t<\/div>\n\t\t<div class=\"elementor-element elementor-element-5a4c47c e-con-full e-flex e-con e-child\" data-id=\"5a4c47c\" data-element_type=\"container\" data-e-type=\"container\">\n\t\t\t\t<div class=\"elementor-element elementor-element-af5b30e elementor-hidden-mobile elementor-widget elementor-widget-spacer\" data-id=\"af5b30e\" data-element_type=\"widget\" data-e-type=\"widget\" data-widget_type=\"spacer.default\">\n\t\t\t\t<div class=\"elementor-widget-container\">\n\t\t\t\t\t\t\t<div class=\"elementor-spacer\">\n\t\t\t<div class=\"elementor-spacer-inner\"><\/div>\n\t\t<\/div>\n\t\t\t\t\t\t<\/div>\n\t\t\t\t<\/div>\n\t\t\t\t<div class=\"elementor-element elementor-element-cb2770e elementor-widget elementor-widget-text-editor\" data-id=\"cb2770e\" data-element_type=\"widget\" data-e-type=\"widget\" data-widget_type=\"text-editor.default\">\n\t\t\t\t<div class=\"elementor-widget-container\">\n\t\t\t\t\t\t\t\t\t<p>\u00abCuando el arte se convierte en experiencia, la creatividad cobra vida.\u00bb<\/p>\t\t\t\t\t\t\t\t<\/div>\n\t\t\t\t<\/div>\n\t\t\t\t<\/div>\n\t\t<div class=\"elementor-element elementor-element-3823df3 e-con-full e-flex e-con e-child\" data-id=\"3823df3\" data-element_type=\"container\" data-e-type=\"container\">\n\t\t<div class=\"elementor-element elementor-element-832b9aa e-flex e-con-boxed e-con e-child\" data-id=\"832b9aa\" data-element_type=\"container\" data-e-type=\"container\">\n\t\t\t\t\t<div class=\"e-con-inner\">\n\t\t\t\t\t<\/div>\n\t\t\t\t<\/div>\n\t\t\t\t<\/div>\n\t\t\t\t\t<\/div>\n\t\t\t\t<\/div>\n\t\t\t\t<\/div>","protected":false},"excerpt":{"rendered":"<p>PRODUCCI\u00d3N ART\u00cdSTICA ESPECT\u00c1CULO Estilistas Maquilladores Peluqueros Dise\u00f1adores de Vestuario Transformamos tus ideas en espect\u00e1culos \u00fanicos, acompa\u00f1\u00e1ndote desde la primera\u00a0consulta hasta [&hellip;]<\/p>\n","protected":false},"author":1,"featured_media":0,"parent":2464,"menu_order":0,"comment_status":"closed","ping_status":"closed","template":"","meta":{"site-sidebar-layout":"no-sidebar","site-content-layout":"plain-container","ast-site-content-layout":"full-width-container","site-content-style":"default","site-sidebar-style":"default","ast-global-header-display":"","ast-banner-title-visibility":"disabled","ast-main-header-display":"","ast-hfb-above-header-display":"","ast-hfb-below-header-display":"","ast-hfb-mobile-header-display":"","site-post-title":"disabled","ast-breadcrumbs-content":"","ast-featured-img":"disabled","footer-sml-layout":"","ast-disable-related-posts":"","theme-transparent-header-meta":"enabled","adv-header-id-meta":"","stick-header-meta":"","header-above-stick-meta":"","header-main-stick-meta":"","header-below-stick-meta":"","astra-migrate-meta-layouts":"default","ast-page-background-enabled":"default","ast-page-background-meta":{"desktop":{"background-color":"var(--ast-global-color-4)","background-image":"","background-repeat":"repeat","background-position":"center center","background-size":"auto","background-attachment":"scroll","background-type":"","background-media":"","overlay-type":"","overlay-color":"","overlay-opacity":"","overlay-gradient":""},"tablet":{"background-color":"","background-image":"","background-repeat":"repeat","background-position":"center center","background-size":"auto","background-attachment":"scroll","background-type":"","background-media":"","overlay-type":"","overlay-color":"","overlay-opacity":"","overlay-gradient":""},"mobile":{"background-color":"","background-image":"","background-repeat":"repeat","background-position":"center center","background-size":"auto","background-attachment":"scroll","background-type":"","background-media":"","overlay-type":"","overlay-color":"","overlay-opacity":"","overlay-gradient":""}},"ast-content-background-meta":{"desktop":{"background-color":"var(--ast-global-color-5)","background-image":"","background-repeat":"repeat","background-position":"center center","background-size":"auto","background-attachment":"scroll","background-type":"","background-media":"","overlay-type":"","overlay-color":"","overlay-opacity":"","overlay-gradient":""},"tablet":{"background-color":"var(--ast-global-color-5)","background-image":"","background-repeat":"repeat","background-position":"center center","background-size":"auto","background-attachment":"scroll","background-type":"","background-media":"","overlay-type":"","overlay-color":"","overlay-opacity":"","overlay-gradient":""},"mobile":{"background-color":"var(--ast-global-color-5)","background-image":"","background-repeat":"repeat","background-position":"center center","background-size":"auto","background-attachment":"scroll","background-type":"","background-media":"","overlay-type":"","overlay-color":"","overlay-opacity":"","overlay-gradient":""}},"_joinchat":[],"footnotes":""},"class_list":["post-478","page","type-page","status-publish","hentry"],"_links":{"self":[{"href":"https:\/\/nataliaar.com\/en\/wp-json\/wp\/v2\/pages\/478","targetHints":{"allow":["GET"]}}],"collection":[{"href":"https:\/\/nataliaar.com\/en\/wp-json\/wp\/v2\/pages"}],"about":[{"href":"https:\/\/nataliaar.com\/en\/wp-json\/wp\/v2\/types\/page"}],"author":[{"embeddable":true,"href":"https:\/\/nataliaar.com\/en\/wp-json\/wp\/v2\/users\/1"}],"replies":[{"embeddable":true,"href":"https:\/\/nataliaar.com\/en\/wp-json\/wp\/v2\/comments?post=478"}],"version-history":[{"count":37,"href":"https:\/\/nataliaar.com\/en\/wp-json\/wp\/v2\/pages\/478\/revisions"}],"predecessor-version":[{"id":2220,"href":"https:\/\/nataliaar.com\/en\/wp-json\/wp\/v2\/pages\/478\/revisions\/2220"}],"up":[{"embeddable":true,"href":"https:\/\/nataliaar.com\/en\/wp-json\/wp\/v2\/pages\/2464"}],"wp:attachment":[{"href":"https:\/\/nataliaar.com\/en\/wp-json\/wp\/v2\/media?parent=478"}],"curies":[{"name":"wp","href":"https:\/\/api.w.org\/{rel}","templated":true}]}}