{"id":1588,"date":"2025-01-14T21:39:39","date_gmt":"2025-01-14T21:39:39","guid":{"rendered":"https:\/\/nataliaar.com\/?page_id=1588"},"modified":"2026-03-15T06:07:33","modified_gmt":"2026-03-15T06:07:33","slug":"tomorrowland-ushuaia","status":"publish","type":"page","link":"https:\/\/nataliaar.com\/en\/portfolio\/makeup\/tomorrowland-ushuaia\/","title":{"rendered":"TOMORROWLAND USHUAI\u0308A"},"content":{"rendered":"<div data-elementor-type=\"wp-page\" data-elementor-id=\"1588\" class=\"elementor elementor-1588\" data-elementor-post-type=\"page\">\n\t\t\t\t<div class=\"elementor-element elementor-element-ebb9fea e-flex e-con-boxed e-con e-parent\" data-id=\"ebb9fea\" data-element_type=\"container\" data-e-type=\"container\">\n\t\t\t\t\t<div class=\"e-con-inner\">\n\t\t\t\t<div class=\"elementor-element elementor-element-3174b6d elementor-widget elementor-widget-spacer\" data-id=\"3174b6d\" data-element_type=\"widget\" data-e-type=\"widget\" data-widget_type=\"spacer.default\">\n\t\t\t\t<div class=\"elementor-widget-container\">\n\t\t\t\t\t\t\t<div class=\"elementor-spacer\">\n\t\t\t<div class=\"elementor-spacer-inner\"><\/div>\n\t\t<\/div>\n\t\t\t\t\t\t<\/div>\n\t\t\t\t<\/div>\n\t\t\t\t\t<\/div>\n\t\t\t\t<\/div>\n\t\t<div class=\"elementor-element elementor-element-7389ff5 e-con-full e-flex e-con e-parent\" data-id=\"7389ff5\" data-element_type=\"container\" data-e-type=\"container\" data-settings=\"{&quot;background_background&quot;:&quot;classic&quot;}\">\n\t\t<div class=\"elementor-element elementor-element-4a14856 e-con-full e-flex e-con e-child\" data-id=\"4a14856\" data-element_type=\"container\" data-e-type=\"container\">\n\t\t\t\t<div class=\"elementor-element elementor-element-da92813 elementor-widget elementor-widget-text-editor\" data-id=\"da92813\" data-element_type=\"widget\" data-e-type=\"widget\" data-widget_type=\"text-editor.default\">\n\t\t\t\t<div class=\"elementor-widget-container\">\n\t\t\t\t\t\t\t\t\t<p>TOMORROWLAND &#8211; USHUAI\u0308A<\/p>\t\t\t\t\t\t\t\t<\/div>\n\t\t\t\t<\/div>\n\t\t\t\t<div class=\"elementor-element elementor-element-1852022 elementor-widget-divider--view-line elementor-widget elementor-widget-divider\" data-id=\"1852022\" data-element_type=\"widget\" data-e-type=\"widget\" data-widget_type=\"divider.default\">\n\t\t\t\t<div class=\"elementor-widget-container\">\n\t\t\t\t\t\t\t<div class=\"elementor-divider\">\n\t\t\t<span class=\"elementor-divider-separator\">\n\t\t\t\t\t\t<\/span>\n\t\t<\/div>\n\t\t\t\t\t\t<\/div>\n\t\t\t\t<\/div>\n\t\t\t\t<\/div>\n\t\t\t\t<\/div>\n\t\t<div class=\"elementor-element elementor-element-fe33020 e-con-full e-flex e-con e-parent\" data-id=\"fe33020\" data-element_type=\"container\" data-e-type=\"container\">\n\t\t<div class=\"elementor-element elementor-element-88d5a73 e-con-full e-flex e-con e-child\" data-id=\"88d5a73\" data-element_type=\"container\" data-e-type=\"container\">\n\t\t\t\t<div class=\"elementor-element elementor-element-c60806b elementor-widget elementor-widget-image\" data-id=\"c60806b\" data-element_type=\"widget\" data-e-type=\"widget\" data-widget_type=\"image.default\">\n\t\t\t\t<div class=\"elementor-widget-container\">\n\t\t\t\t\t\t\t\t\t\t\t\t\t\t\t<img fetchpriority=\"high\" decoding=\"async\" width=\"820\" height=\"1024\" src=\"https:\/\/nataliaar.com\/wp-content\/uploads\/2025\/01\/10-TOMORROWLAND-USHUAIA-820x1024.jpg\" class=\"attachment-large size-large wp-image-1602\" alt=\"\" srcset=\"https:\/\/nataliaar.com\/wp-content\/uploads\/2025\/01\/10-TOMORROWLAND-USHUAIA-820x1024.jpg 820w, https:\/\/nataliaar.com\/wp-content\/uploads\/2025\/01\/10-TOMORROWLAND-USHUAIA-240x300.jpg 240w, https:\/\/nataliaar.com\/wp-content\/uploads\/2025\/01\/10-TOMORROWLAND-USHUAIA-768x959.jpg 768w, https:\/\/nataliaar.com\/wp-content\/uploads\/2025\/01\/10-TOMORROWLAND-USHUAIA-1230x1536.jpg 1230w, https:\/\/nataliaar.com\/wp-content\/uploads\/2025\/01\/10-TOMORROWLAND-USHUAIA.jpg 1440w\" sizes=\"(max-width: 820px) 100vw, 820px\" \/>\t\t\t\t\t\t\t\t\t\t\t\t\t\t\t<\/div>\n\t\t\t\t<\/div>\n\t\t\t\t<\/div>\n\t\t<div class=\"elementor-element elementor-element-01daf0e e-con-full e-flex e-con e-child\" data-id=\"01daf0e\" data-element_type=\"container\" data-e-type=\"container\">\n\t\t\t\t<div class=\"elementor-element elementor-element-1a06ae7 elementor-widget elementor-widget-image\" data-id=\"1a06ae7\" data-element_type=\"widget\" data-e-type=\"widget\" data-widget_type=\"image.default\">\n\t\t\t\t<div class=\"elementor-widget-container\">\n\t\t\t\t\t\t\t\t\t\t\t\t\t\t\t<img decoding=\"async\" width=\"819\" height=\"1024\" src=\"https:\/\/nataliaar.com\/wp-content\/uploads\/2025\/01\/9-TOMORROWLAND-USHUAIA.jpg\" class=\"attachment-large size-large wp-image-1601\" alt=\"Maquillaje creativo en Ushua\u00efa Ibiza- Maquillaje de fantas\u00eda Natalia \u00c1varez\" srcset=\"https:\/\/nataliaar.com\/wp-content\/uploads\/2025\/01\/9-TOMORROWLAND-USHUAIA.jpg 819w, https:\/\/nataliaar.com\/wp-content\/uploads\/2025\/01\/9-TOMORROWLAND-USHUAIA-240x300.jpg 240w, https:\/\/nataliaar.com\/wp-content\/uploads\/2025\/01\/9-TOMORROWLAND-USHUAIA-768x960.jpg 768w\" sizes=\"(max-width: 819px) 100vw, 819px\" \/>\t\t\t\t\t\t\t\t\t\t\t\t\t\t\t<\/div>\n\t\t\t\t<\/div>\n\t\t\t\t<\/div>\n\t\t\t\t<\/div>\n\t\t<div class=\"elementor-element elementor-element-2699f1e e-con-full e-flex e-con e-parent\" data-id=\"2699f1e\" data-element_type=\"container\" data-e-type=\"container\">\n\t\t<div class=\"elementor-element elementor-element-0fb76da e-con-full e-flex e-con e-child\" data-id=\"0fb76da\" data-element_type=\"container\" data-e-type=\"container\">\n\t\t\t\t<div class=\"elementor-element elementor-element-15cfe07 elementor-widget elementor-widget-image\" data-id=\"15cfe07\" data-element_type=\"widget\" data-e-type=\"widget\" data-widget_type=\"image.default\">\n\t\t\t\t<div class=\"elementor-widget-container\">\n\t\t\t\t\t\t\t\t\t\t\t\t\t\t\t<img decoding=\"async\" width=\"800\" height=\"1000\" src=\"https:\/\/nataliaar.com\/wp-content\/uploads\/2025\/01\/1-TOMORROWLAND-USHUAIA.jpg\" class=\"attachment-large size-large wp-image-1593\" alt=\"\" srcset=\"https:\/\/nataliaar.com\/wp-content\/uploads\/2025\/01\/1-TOMORROWLAND-USHUAIA.jpg 800w, https:\/\/nataliaar.com\/wp-content\/uploads\/2025\/01\/1-TOMORROWLAND-USHUAIA-240x300.jpg 240w, https:\/\/nataliaar.com\/wp-content\/uploads\/2025\/01\/1-TOMORROWLAND-USHUAIA-768x960.jpg 768w\" sizes=\"(max-width: 800px) 100vw, 800px\" \/>\t\t\t\t\t\t\t\t\t\t\t\t\t\t\t<\/div>\n\t\t\t\t<\/div>\n\t\t\t\t<\/div>\n\t\t<div class=\"elementor-element elementor-element-754bacd e-con-full e-flex e-con e-child\" data-id=\"754bacd\" data-element_type=\"container\" data-e-type=\"container\">\n\t\t\t\t<div class=\"elementor-element elementor-element-835873c elementor-widget elementor-widget-image\" data-id=\"835873c\" data-element_type=\"widget\" data-e-type=\"widget\" data-widget_type=\"image.default\">\n\t\t\t\t<div class=\"elementor-widget-container\">\n\t\t\t\t\t\t\t\t\t\t\t\t\t\t\t<img loading=\"lazy\" decoding=\"async\" width=\"795\" height=\"1024\" src=\"https:\/\/nataliaar.com\/wp-content\/uploads\/2025\/01\/7-TOMORROWLAND-USHUAIA-795x1024.jpg\" class=\"attachment-large size-large wp-image-1599\" alt=\"\" srcset=\"https:\/\/nataliaar.com\/wp-content\/uploads\/2025\/01\/7-TOMORROWLAND-USHUAIA-795x1024.jpg 795w, https:\/\/nataliaar.com\/wp-content\/uploads\/2025\/01\/7-TOMORROWLAND-USHUAIA-233x300.jpg 233w, https:\/\/nataliaar.com\/wp-content\/uploads\/2025\/01\/7-TOMORROWLAND-USHUAIA-768x989.jpg 768w, https:\/\/nataliaar.com\/wp-content\/uploads\/2025\/01\/7-TOMORROWLAND-USHUAIA.jpg 1175w\" sizes=\"(max-width: 795px) 100vw, 795px\" \/>\t\t\t\t\t\t\t\t\t\t\t\t\t\t\t<\/div>\n\t\t\t\t<\/div>\n\t\t\t\t<\/div>\n\t\t\t\t<\/div>\n\t\t<div class=\"elementor-element elementor-element-eab065c e-con-full e-flex e-con e-parent\" data-id=\"eab065c\" data-element_type=\"container\" data-e-type=\"container\">\n\t\t<div class=\"elementor-element elementor-element-8d72ac6 e-con-full e-flex e-con e-child\" data-id=\"8d72ac6\" data-element_type=\"container\" data-e-type=\"container\">\n\t\t\t\t<div class=\"elementor-element elementor-element-b09209a elementor-widget elementor-widget-image\" data-id=\"b09209a\" data-element_type=\"widget\" data-e-type=\"widget\" data-widget_type=\"image.default\">\n\t\t\t\t<div class=\"elementor-widget-container\">\n\t\t\t\t\t\t\t\t\t\t\t\t\t\t\t<img loading=\"lazy\" decoding=\"async\" width=\"784\" height=\"953\" src=\"https:\/\/nataliaar.com\/wp-content\/uploads\/2025\/01\/8-TOMORROWLAND-USHUAIA.jpg\" class=\"attachment-large size-large wp-image-1600\" alt=\"Eventos exclusivos Ibiza- Maquilladora Natalia \u00c1lvarez\" srcset=\"https:\/\/nataliaar.com\/wp-content\/uploads\/2025\/01\/8-TOMORROWLAND-USHUAIA.jpg 784w, https:\/\/nataliaar.com\/wp-content\/uploads\/2025\/01\/8-TOMORROWLAND-USHUAIA-247x300.jpg 247w, https:\/\/nataliaar.com\/wp-content\/uploads\/2025\/01\/8-TOMORROWLAND-USHUAIA-768x934.jpg 768w\" sizes=\"(max-width: 784px) 100vw, 784px\" \/>\t\t\t\t\t\t\t\t\t\t\t\t\t\t\t<\/div>\n\t\t\t\t<\/div>\n\t\t\t\t<\/div>\n\t\t<div class=\"elementor-element elementor-element-96f51b5 e-con-full e-flex e-con e-child\" data-id=\"96f51b5\" data-element_type=\"container\" data-e-type=\"container\">\n\t\t\t\t<div class=\"elementor-element elementor-element-731b0aa elementor-widget elementor-widget-image\" data-id=\"731b0aa\" data-element_type=\"widget\" data-e-type=\"widget\" data-widget_type=\"image.default\">\n\t\t\t\t<div class=\"elementor-widget-container\">\n\t\t\t\t\t\t\t\t\t\t\t\t\t\t\t<img loading=\"lazy\" decoding=\"async\" width=\"800\" height=\"1000\" src=\"https:\/\/nataliaar.com\/wp-content\/uploads\/2025\/01\/6-TOMORROWLAND-USHUAIA-1.jpg\" class=\"attachment-large size-large wp-image-1598\" alt=\"\" srcset=\"https:\/\/nataliaar.com\/wp-content\/uploads\/2025\/01\/6-TOMORROWLAND-USHUAIA-1.jpg 800w, https:\/\/nataliaar.com\/wp-content\/uploads\/2025\/01\/6-TOMORROWLAND-USHUAIA-1-240x300.jpg 240w, https:\/\/nataliaar.com\/wp-content\/uploads\/2025\/01\/6-TOMORROWLAND-USHUAIA-1-768x960.jpg 768w\" sizes=\"(max-width: 800px) 100vw, 800px\" \/>\t\t\t\t\t\t\t\t\t\t\t\t\t\t\t<\/div>\n\t\t\t\t<\/div>\n\t\t\t\t<\/div>\n\t\t\t\t<\/div>\n\t\t<div class=\"elementor-element elementor-element-7aab1c3 e-con-full e-flex e-con e-parent\" data-id=\"7aab1c3\" data-element_type=\"container\" data-e-type=\"container\">\n\t\t<div class=\"elementor-element elementor-element-820dbe4 e-con-full e-flex e-con e-child\" data-id=\"820dbe4\" data-element_type=\"container\" data-e-type=\"container\">\n\t\t\t\t<div class=\"elementor-element elementor-element-93f6dad elementor-widget elementor-widget-image\" data-id=\"93f6dad\" data-element_type=\"widget\" data-e-type=\"widget\" data-widget_type=\"image.default\">\n\t\t\t\t<div class=\"elementor-widget-container\">\n\t\t\t\t\t\t\t\t\t\t\t\t\t\t\t<img loading=\"lazy\" decoding=\"async\" width=\"800\" height=\"1000\" src=\"https:\/\/nataliaar.com\/wp-content\/uploads\/2025\/01\/5-TOMORROWLAND-USHUAIA.jpg\" class=\"attachment-large size-large wp-image-1597\" alt=\"\" srcset=\"https:\/\/nataliaar.com\/wp-content\/uploads\/2025\/01\/5-TOMORROWLAND-USHUAIA.jpg 800w, https:\/\/nataliaar.com\/wp-content\/uploads\/2025\/01\/5-TOMORROWLAND-USHUAIA-240x300.jpg 240w, https:\/\/nataliaar.com\/wp-content\/uploads\/2025\/01\/5-TOMORROWLAND-USHUAIA-768x960.jpg 768w\" sizes=\"(max-width: 800px) 100vw, 800px\" \/>\t\t\t\t\t\t\t\t\t\t\t\t\t\t\t<\/div>\n\t\t\t\t<\/div>\n\t\t\t\t<\/div>\n\t\t<div class=\"elementor-element elementor-element-1313c00 e-con-full e-flex e-con e-child\" data-id=\"1313c00\" data-element_type=\"container\" data-e-type=\"container\">\n\t\t\t\t<div class=\"elementor-element elementor-element-39b1a37 elementor-widget elementor-widget-image\" data-id=\"39b1a37\" data-element_type=\"widget\" data-e-type=\"widget\" data-widget_type=\"image.default\">\n\t\t\t\t<div class=\"elementor-widget-container\">\n\t\t\t\t\t\t\t\t\t\t\t\t\t\t\t<img loading=\"lazy\" decoding=\"async\" width=\"800\" height=\"1000\" src=\"https:\/\/nataliaar.com\/wp-content\/uploads\/2025\/01\/4-TOMORROWLAND-USHUAIA.jpg\" class=\"attachment-large size-large wp-image-1596\" alt=\"\" srcset=\"https:\/\/nataliaar.com\/wp-content\/uploads\/2025\/01\/4-TOMORROWLAND-USHUAIA.jpg 800w, https:\/\/nataliaar.com\/wp-content\/uploads\/2025\/01\/4-TOMORROWLAND-USHUAIA-240x300.jpg 240w, https:\/\/nataliaar.com\/wp-content\/uploads\/2025\/01\/4-TOMORROWLAND-USHUAIA-768x960.jpg 768w\" sizes=\"(max-width: 800px) 100vw, 800px\" \/>\t\t\t\t\t\t\t\t\t\t\t\t\t\t\t<\/div>\n\t\t\t\t<\/div>\n\t\t\t\t<\/div>\n\t\t\t\t<\/div>\n\t\t<div class=\"elementor-element elementor-element-0f48dba e-con-full e-flex e-con e-parent\" data-id=\"0f48dba\" data-element_type=\"container\" data-e-type=\"container\">\n\t\t<div class=\"elementor-element elementor-element-649588a e-con-full e-flex e-con e-child\" data-id=\"649588a\" data-element_type=\"container\" data-e-type=\"container\">\n\t\t\t\t<div class=\"elementor-element elementor-element-8b6cffc elementor-widget elementor-widget-image\" data-id=\"8b6cffc\" data-element_type=\"widget\" data-e-type=\"widget\" data-widget_type=\"image.default\">\n\t\t\t\t<div class=\"elementor-widget-container\">\n\t\t\t\t\t\t\t\t\t\t\t\t\t\t\t<img loading=\"lazy\" decoding=\"async\" width=\"800\" height=\"1000\" src=\"https:\/\/nataliaar.com\/wp-content\/uploads\/2025\/01\/3-TOMORROWLAND-USHUAIA.jpg\" class=\"attachment-large size-large wp-image-1595\" alt=\"\" srcset=\"https:\/\/nataliaar.com\/wp-content\/uploads\/2025\/01\/3-TOMORROWLAND-USHUAIA.jpg 800w, https:\/\/nataliaar.com\/wp-content\/uploads\/2025\/01\/3-TOMORROWLAND-USHUAIA-240x300.jpg 240w, https:\/\/nataliaar.com\/wp-content\/uploads\/2025\/01\/3-TOMORROWLAND-USHUAIA-768x960.jpg 768w\" sizes=\"(max-width: 800px) 100vw, 800px\" \/>\t\t\t\t\t\t\t\t\t\t\t\t\t\t\t<\/div>\n\t\t\t\t<\/div>\n\t\t\t\t<\/div>\n\t\t<div class=\"elementor-element elementor-element-b682bab e-con-full e-flex e-con e-child\" data-id=\"b682bab\" data-element_type=\"container\" data-e-type=\"container\">\n\t\t\t\t<div class=\"elementor-element elementor-element-f941058 elementor-widget elementor-widget-image\" data-id=\"f941058\" data-element_type=\"widget\" data-e-type=\"widget\" data-widget_type=\"image.default\">\n\t\t\t\t<div class=\"elementor-widget-container\">\n\t\t\t\t\t\t\t\t\t\t\t\t\t\t\t<img loading=\"lazy\" decoding=\"async\" width=\"800\" height=\"1000\" src=\"https:\/\/nataliaar.com\/wp-content\/uploads\/2025\/01\/2-TOMORROWLAND-USHUAIA.jpg\" class=\"attachment-large size-large wp-image-1594\" alt=\"\" srcset=\"https:\/\/nataliaar.com\/wp-content\/uploads\/2025\/01\/2-TOMORROWLAND-USHUAIA.jpg 800w, https:\/\/nataliaar.com\/wp-content\/uploads\/2025\/01\/2-TOMORROWLAND-USHUAIA-240x300.jpg 240w, https:\/\/nataliaar.com\/wp-content\/uploads\/2025\/01\/2-TOMORROWLAND-USHUAIA-768x960.jpg 768w\" sizes=\"(max-width: 800px) 100vw, 800px\" \/>\t\t\t\t\t\t\t\t\t\t\t\t\t\t\t<\/div>\n\t\t\t\t<\/div>\n\t\t\t\t<\/div>\n\t\t\t\t<\/div>\n\t\t\t\t<\/div>","protected":false},"excerpt":{"rendered":"<p>TOMORROWLAND &#8211; USHUAI\u0308A<\/p>","protected":false},"author":1,"featured_media":0,"parent":2445,"menu_order":0,"comment_status":"closed","ping_status":"closed","template":"","meta":{"site-sidebar-layout":"no-sidebar","site-content-layout":"plain-container","ast-site-content-layout":"full-width-container","site-content-style":"default","site-sidebar-style":"default","ast-global-header-display":"","ast-banner-title-visibility":"disabled","ast-main-header-display":"","ast-hfb-above-header-display":"","ast-hfb-below-header-display":"","ast-hfb-mobile-header-display":"","site-post-title":"disabled","ast-breadcrumbs-content":"","ast-featured-img":"disabled","footer-sml-layout":"","ast-disable-related-posts":"","theme-transparent-header-meta":"enabled","adv-header-id-meta":"","stick-header-meta":"","header-above-stick-meta":"","header-main-stick-meta":"","header-below-stick-meta":"","astra-migrate-meta-layouts":"default","ast-page-background-enabled":"default","ast-page-background-meta":{"desktop":{"background-color":"var(--ast-global-color-4)","background-image":"","background-repeat":"repeat","background-position":"center center","background-size":"auto","background-attachment":"scroll","background-type":"","background-media":"","overlay-type":"","overlay-color":"","overlay-opacity":"","overlay-gradient":""},"tablet":{"background-color":"","background-image":"","background-repeat":"repeat","background-position":"center center","background-size":"auto","background-attachment":"scroll","background-type":"","background-media":"","overlay-type":"","overlay-color":"","overlay-opacity":"","overlay-gradient":""},"mobile":{"background-color":"","background-image":"","background-repeat":"repeat","background-position":"center center","background-size":"auto","background-attachment":"scroll","background-type":"","background-media":"","overlay-type":"","overlay-color":"","overlay-opacity":"","overlay-gradient":""}},"ast-content-background-meta":{"desktop":{"background-color":"var(--ast-global-color-5)","background-image":"","background-repeat":"repeat","background-position":"center center","background-size":"auto","background-attachment":"scroll","background-type":"","background-media":"","overlay-type":"","overlay-color":"","overlay-opacity":"","overlay-gradient":""},"tablet":{"background-color":"var(--ast-global-color-5)","background-image":"","background-repeat":"repeat","background-position":"center center","background-size":"auto","background-attachment":"scroll","background-type":"","background-media":"","overlay-type":"","overlay-color":"","overlay-opacity":"","overlay-gradient":""},"mobile":{"background-color":"var(--ast-global-color-5)","background-image":"","background-repeat":"repeat","background-position":"center center","background-size":"auto","background-attachment":"scroll","background-type":"","background-media":"","overlay-type":"","overlay-color":"","overlay-opacity":"","overlay-gradient":""}},"_joinchat":[],"footnotes":""},"class_list":["post-1588","page","type-page","status-publish","hentry"],"_links":{"self":[{"href":"https:\/\/nataliaar.com\/en\/wp-json\/wp\/v2\/pages\/1588","targetHints":{"allow":["GET"]}}],"collection":[{"href":"https:\/\/nataliaar.com\/en\/wp-json\/wp\/v2\/pages"}],"about":[{"href":"https:\/\/nataliaar.com\/en\/wp-json\/wp\/v2\/types\/page"}],"author":[{"embeddable":true,"href":"https:\/\/nataliaar.com\/en\/wp-json\/wp\/v2\/users\/1"}],"replies":[{"embeddable":true,"href":"https:\/\/nataliaar.com\/en\/wp-json\/wp\/v2\/comments?post=1588"}],"version-history":[{"count":22,"href":"https:\/\/nataliaar.com\/en\/wp-json\/wp\/v2\/pages\/1588\/revisions"}],"predecessor-version":[{"id":2069,"href":"https:\/\/nataliaar.com\/en\/wp-json\/wp\/v2\/pages\/1588\/revisions\/2069"}],"up":[{"embeddable":true,"href":"https:\/\/nataliaar.com\/en\/wp-json\/wp\/v2\/pages\/2445"}],"wp:attachment":[{"href":"https:\/\/nataliaar.com\/en\/wp-json\/wp\/v2\/media?parent=1588"}],"curies":[{"name":"wp","href":"https:\/\/api.w.org\/{rel}","templated":true}]}}