{"id":1196,"date":"2024-12-30T09:56:31","date_gmt":"2024-12-30T09:56:31","guid":{"rendered":"https:\/\/nataliaar.com\/?page_id=1196"},"modified":"2026-02-07T06:45:35","modified_gmt":"2026-02-07T06:45:35","slug":"la-femme-beauty-fernando-valencia","status":"publish","type":"page","link":"https:\/\/nataliaar.com\/en\/portfolio\/makeup\/la-femme-beauty-fernando-valencia\/","title":{"rendered":"LA FEMME BEAUTY- Fernando Valencia"},"content":{"rendered":"<div data-elementor-type=\"wp-page\" data-elementor-id=\"1196\" class=\"elementor elementor-1196\" data-elementor-post-type=\"page\">\n\t\t\t\t<div class=\"elementor-element elementor-element-ebb9fea elementor-hidden-mobile e-flex e-con-boxed e-con e-parent\" data-id=\"ebb9fea\" data-element_type=\"container\" data-e-type=\"container\">\n\t\t\t\t\t<div class=\"e-con-inner\">\n\t\t\t\t<div class=\"elementor-element elementor-element-3174b6d elementor-widget elementor-widget-spacer\" data-id=\"3174b6d\" data-element_type=\"widget\" data-e-type=\"widget\" data-widget_type=\"spacer.default\">\n\t\t\t\t<div class=\"elementor-widget-container\">\n\t\t\t\t\t\t\t<div class=\"elementor-spacer\">\n\t\t\t<div class=\"elementor-spacer-inner\"><\/div>\n\t\t<\/div>\n\t\t\t\t\t\t<\/div>\n\t\t\t\t<\/div>\n\t\t\t\t\t<\/div>\n\t\t\t\t<\/div>\n\t\t<div class=\"elementor-element elementor-element-7389ff5 e-con-full e-flex e-con e-parent\" data-id=\"7389ff5\" data-element_type=\"container\" data-e-type=\"container\" data-settings=\"{&quot;background_background&quot;:&quot;classic&quot;}\">\n\t\t<div class=\"elementor-element elementor-element-4a14856 e-con-full e-flex e-con e-child\" data-id=\"4a14856\" data-element_type=\"container\" data-e-type=\"container\">\n\t\t\t\t<div class=\"elementor-element elementor-element-7a13fb8 elementor-widget elementor-widget-heading\" data-id=\"7a13fb8\" data-element_type=\"widget\" data-e-type=\"widget\" data-widget_type=\"heading.default\">\n\t\t\t\t<div class=\"elementor-widget-container\">\n\t\t\t\t\t<h2 class=\"elementor-heading-title elementor-size-default\">FASHION<\/h2>\t\t\t\t<\/div>\n\t\t\t\t<\/div>\n\t\t\t\t<div class=\"elementor-element elementor-element-1852022 elementor-widget-divider--view-line elementor-widget elementor-widget-divider\" data-id=\"1852022\" data-element_type=\"widget\" data-e-type=\"widget\" data-widget_type=\"divider.default\">\n\t\t\t\t<div class=\"elementor-widget-container\">\n\t\t\t\t\t\t\t<div class=\"elementor-divider\">\n\t\t\t<span class=\"elementor-divider-separator\">\n\t\t\t\t\t\t<\/span>\n\t\t<\/div>\n\t\t\t\t\t\t<\/div>\n\t\t\t\t<\/div>\n\t\t\t\t<div class=\"elementor-element elementor-element-da92813 elementor-hidden-mobile elementor-widget elementor-widget-text-editor\" data-id=\"da92813\" data-element_type=\"widget\" data-e-type=\"widget\" data-widget_type=\"text-editor.default\">\n\t\t\t\t<div class=\"elementor-widget-container\">\n\t\t\t\t\t\t\t\t\t<p>LA FEMME BEAUTY &#8211; Fernando Valencia<\/p>\t\t\t\t\t\t\t\t<\/div>\n\t\t\t\t<\/div>\n\t\t\t\t<div class=\"elementor-element elementor-element-9b88d9b elementor-hidden-desktop elementor-hidden-tablet elementor-widget elementor-widget-text-editor\" data-id=\"9b88d9b\" data-element_type=\"widget\" data-e-type=\"widget\" data-widget_type=\"text-editor.default\">\n\t\t\t\t<div class=\"elementor-widget-container\">\n\t\t\t\t\t\t\t\t\t<p>LA FEMME BEAUTY<\/p><p>Fernando Valencia<\/p>\t\t\t\t\t\t\t\t<\/div>\n\t\t\t\t<\/div>\n\t\t\t\t<\/div>\n\t\t\t\t<\/div>\n\t\t<div class=\"elementor-element elementor-element-0dd3da8 e-con-full e-flex e-con e-parent\" data-id=\"0dd3da8\" data-element_type=\"container\" data-e-type=\"container\">\n\t\t<div class=\"elementor-element elementor-element-37e3755 e-con-full e-flex e-con e-child\" data-id=\"37e3755\" data-element_type=\"container\" data-e-type=\"container\">\n\t\t\t\t<div class=\"elementor-element elementor-element-964f10b elementor-widget elementor-widget-image\" data-id=\"964f10b\" data-element_type=\"widget\" data-e-type=\"widget\" data-widget_type=\"image.default\">\n\t\t\t\t<div class=\"elementor-widget-container\">\n\t\t\t\t\t\t\t\t\t\t\t\t\t\t\t<img fetchpriority=\"high\" decoding=\"async\" width=\"683\" height=\"1024\" src=\"https:\/\/nataliaar.com\/wp-content\/uploads\/2024\/12\/Coral_20Feb-683x1024.jpg\" class=\"attachment-large size-large wp-image-1198\" alt=\"LA FEMME BEAUTY- Fernando Valencia\" srcset=\"https:\/\/nataliaar.com\/wp-content\/uploads\/2024\/12\/Coral_20Feb-683x1024.jpg 683w, https:\/\/nataliaar.com\/wp-content\/uploads\/2024\/12\/Coral_20Feb-200x300.jpg 200w, https:\/\/nataliaar.com\/wp-content\/uploads\/2024\/12\/Coral_20Feb-768x1152.jpg 768w, https:\/\/nataliaar.com\/wp-content\/uploads\/2024\/12\/Coral_20Feb-1024x1536.jpg 1024w, https:\/\/nataliaar.com\/wp-content\/uploads\/2024\/12\/Coral_20Feb.jpg 1365w\" sizes=\"(max-width: 683px) 100vw, 683px\" \/>\t\t\t\t\t\t\t\t\t\t\t\t\t\t\t<\/div>\n\t\t\t\t<\/div>\n\t\t\t\t<\/div>\n\t\t<div class=\"elementor-element elementor-element-cb4f5de e-con-full e-flex e-con e-child\" data-id=\"cb4f5de\" data-element_type=\"container\" data-e-type=\"container\">\n\t\t\t\t<div class=\"elementor-element elementor-element-835c75c elementor-widget elementor-widget-image\" data-id=\"835c75c\" data-element_type=\"widget\" data-e-type=\"widget\" data-widget_type=\"image.default\">\n\t\t\t\t<div class=\"elementor-widget-container\">\n\t\t\t\t\t\t\t\t\t\t\t\t\t\t\t<img decoding=\"async\" width=\"683\" height=\"1024\" src=\"https:\/\/nataliaar.com\/wp-content\/uploads\/2024\/12\/Coral_20Feb4-683x1024.jpg\" class=\"attachment-large size-large wp-image-1200\" alt=\"LA FEMME BEAUTY- Fernando Valencia\" srcset=\"https:\/\/nataliaar.com\/wp-content\/uploads\/2024\/12\/Coral_20Feb4-683x1024.jpg 683w, https:\/\/nataliaar.com\/wp-content\/uploads\/2024\/12\/Coral_20Feb4-200x300.jpg 200w, https:\/\/nataliaar.com\/wp-content\/uploads\/2024\/12\/Coral_20Feb4-768x1152.jpg 768w, https:\/\/nataliaar.com\/wp-content\/uploads\/2024\/12\/Coral_20Feb4-1024x1536.jpg 1024w, https:\/\/nataliaar.com\/wp-content\/uploads\/2024\/12\/Coral_20Feb4.jpg 1365w\" sizes=\"(max-width: 683px) 100vw, 683px\" \/>\t\t\t\t\t\t\t\t\t\t\t\t\t\t\t<\/div>\n\t\t\t\t<\/div>\n\t\t\t\t<\/div>\n\t\t<div class=\"elementor-element elementor-element-197ebf8 e-con-full e-flex e-con e-child\" data-id=\"197ebf8\" data-element_type=\"container\" data-e-type=\"container\">\n\t\t\t\t<div class=\"elementor-element elementor-element-d3231b0 elementor-widget elementor-widget-image\" data-id=\"d3231b0\" data-element_type=\"widget\" data-e-type=\"widget\" data-widget_type=\"image.default\">\n\t\t\t\t<div class=\"elementor-widget-container\">\n\t\t\t\t\t\t\t\t\t\t\t\t\t\t\t<img decoding=\"async\" width=\"683\" height=\"1024\" src=\"https:\/\/nataliaar.com\/wp-content\/uploads\/2024\/12\/Coral_20Feb6-683x1024.jpg\" class=\"attachment-large size-large wp-image-1202\" alt=\"LA FEMME BEAUTY- Fernando Valencia\" srcset=\"https:\/\/nataliaar.com\/wp-content\/uploads\/2024\/12\/Coral_20Feb6-683x1024.jpg 683w, https:\/\/nataliaar.com\/wp-content\/uploads\/2024\/12\/Coral_20Feb6-200x300.jpg 200w, https:\/\/nataliaar.com\/wp-content\/uploads\/2024\/12\/Coral_20Feb6-768x1152.jpg 768w, https:\/\/nataliaar.com\/wp-content\/uploads\/2024\/12\/Coral_20Feb6-1024x1536.jpg 1024w, https:\/\/nataliaar.com\/wp-content\/uploads\/2024\/12\/Coral_20Feb6.jpg 1365w\" sizes=\"(max-width: 683px) 100vw, 683px\" \/>\t\t\t\t\t\t\t\t\t\t\t\t\t\t\t<\/div>\n\t\t\t\t<\/div>\n\t\t\t\t<\/div>\n\t\t<div class=\"elementor-element elementor-element-7ec2778 e-con-full e-flex e-con e-child\" data-id=\"7ec2778\" data-element_type=\"container\" data-e-type=\"container\">\n\t\t\t\t<div class=\"elementor-element elementor-element-f6d1763 elementor-widget elementor-widget-image\" data-id=\"f6d1763\" data-element_type=\"widget\" data-e-type=\"widget\" data-widget_type=\"image.default\">\n\t\t\t\t<div class=\"elementor-widget-container\">\n\t\t\t\t\t\t\t\t\t\t\t\t\t\t\t<img loading=\"lazy\" decoding=\"async\" width=\"683\" height=\"1024\" src=\"https:\/\/nataliaar.com\/wp-content\/uploads\/2024\/12\/Foto-portada-Coral_20Feb2-683x1024.jpg\" class=\"attachment-large size-large wp-image-1204\" alt=\"LA FEMME BEAUTY- Fernando Valencia\" srcset=\"https:\/\/nataliaar.com\/wp-content\/uploads\/2024\/12\/Foto-portada-Coral_20Feb2-683x1024.jpg 683w, https:\/\/nataliaar.com\/wp-content\/uploads\/2024\/12\/Foto-portada-Coral_20Feb2-200x300.jpg 200w, https:\/\/nataliaar.com\/wp-content\/uploads\/2024\/12\/Foto-portada-Coral_20Feb2-768x1152.jpg 768w, https:\/\/nataliaar.com\/wp-content\/uploads\/2024\/12\/Foto-portada-Coral_20Feb2-1024x1536.jpg 1024w, https:\/\/nataliaar.com\/wp-content\/uploads\/2024\/12\/Foto-portada-Coral_20Feb2.jpg 1365w\" sizes=\"(max-width: 683px) 100vw, 683px\" \/>\t\t\t\t\t\t\t\t\t\t\t\t\t\t\t<\/div>\n\t\t\t\t<\/div>\n\t\t\t\t<\/div>\n\t\t\t\t<\/div>\n\t\t<div class=\"elementor-element elementor-element-8cae265 e-con-full e-flex e-con e-parent\" data-id=\"8cae265\" data-element_type=\"container\" data-e-type=\"container\">\n\t\t<div class=\"elementor-element elementor-element-210dd01 e-con-full e-flex e-con e-child\" data-id=\"210dd01\" data-element_type=\"container\" data-e-type=\"container\">\n\t\t\t\t<div class=\"elementor-element elementor-element-97cce1c elementor-widget elementor-widget-image\" data-id=\"97cce1c\" data-element_type=\"widget\" data-e-type=\"widget\" data-widget_type=\"image.default\">\n\t\t\t\t<div class=\"elementor-widget-container\">\n\t\t\t\t\t\t\t\t\t\t\t\t\t\t\t<img loading=\"lazy\" decoding=\"async\" width=\"683\" height=\"1024\" src=\"https:\/\/nataliaar.com\/wp-content\/uploads\/2025\/01\/Coral_20Feb3-683x1024.jpg\" class=\"attachment-large size-large wp-image-1700\" alt=\"Campa\u00f1a de est\u00e9tica Ibiza- maquilladora Natalia \u00c1lvarez\" srcset=\"https:\/\/nataliaar.com\/wp-content\/uploads\/2025\/01\/Coral_20Feb3-683x1024.jpg 683w, https:\/\/nataliaar.com\/wp-content\/uploads\/2025\/01\/Coral_20Feb3-200x300.jpg 200w, https:\/\/nataliaar.com\/wp-content\/uploads\/2025\/01\/Coral_20Feb3-768x1152.jpg 768w, https:\/\/nataliaar.com\/wp-content\/uploads\/2025\/01\/Coral_20Feb3-1024x1536.jpg 1024w, https:\/\/nataliaar.com\/wp-content\/uploads\/2025\/01\/Coral_20Feb3.jpg 1365w\" sizes=\"(max-width: 683px) 100vw, 683px\" \/>\t\t\t\t\t\t\t\t\t\t\t\t\t\t\t<\/div>\n\t\t\t\t<\/div>\n\t\t\t\t<\/div>\n\t\t<div class=\"elementor-element elementor-element-ddeb037 e-con-full e-flex e-con e-child\" data-id=\"ddeb037\" data-element_type=\"container\" data-e-type=\"container\">\n\t\t\t\t<div class=\"elementor-element elementor-element-7baba13 elementor-widget elementor-widget-image\" data-id=\"7baba13\" data-element_type=\"widget\" data-e-type=\"widget\" data-widget_type=\"image.default\">\n\t\t\t\t<div class=\"elementor-widget-container\">\n\t\t\t\t\t\t\t\t\t\t\t\t\t\t\t<img loading=\"lazy\" decoding=\"async\" width=\"683\" height=\"1024\" src=\"https:\/\/nataliaar.com\/wp-content\/uploads\/2025\/01\/Coral_20Feb5-683x1024.jpg\" class=\"attachment-large size-large wp-image-1701\" alt=\"\" srcset=\"https:\/\/nataliaar.com\/wp-content\/uploads\/2025\/01\/Coral_20Feb5-683x1024.jpg 683w, https:\/\/nataliaar.com\/wp-content\/uploads\/2025\/01\/Coral_20Feb5-200x300.jpg 200w, https:\/\/nataliaar.com\/wp-content\/uploads\/2025\/01\/Coral_20Feb5-768x1152.jpg 768w, https:\/\/nataliaar.com\/wp-content\/uploads\/2025\/01\/Coral_20Feb5-1024x1536.jpg 1024w, https:\/\/nataliaar.com\/wp-content\/uploads\/2025\/01\/Coral_20Feb5.jpg 1365w\" sizes=\"(max-width: 683px) 100vw, 683px\" \/>\t\t\t\t\t\t\t\t\t\t\t\t\t\t\t<\/div>\n\t\t\t\t<\/div>\n\t\t\t\t<\/div>\n\t\t<div class=\"elementor-element elementor-element-bb996c4 e-con-full e-flex e-con e-child\" data-id=\"bb996c4\" data-element_type=\"container\" data-e-type=\"container\">\n\t\t\t\t<div class=\"elementor-element elementor-element-ae55f2d elementor-widget elementor-widget-image\" data-id=\"ae55f2d\" data-element_type=\"widget\" data-e-type=\"widget\" data-widget_type=\"image.default\">\n\t\t\t\t<div class=\"elementor-widget-container\">\n\t\t\t\t\t\t\t\t\t\t\t\t\t\t\t<img loading=\"lazy\" decoding=\"async\" width=\"683\" height=\"1024\" src=\"https:\/\/nataliaar.com\/wp-content\/uploads\/2025\/01\/Coral_20Feb7-683x1024.jpg\" class=\"attachment-large size-large wp-image-1702\" alt=\"\" srcset=\"https:\/\/nataliaar.com\/wp-content\/uploads\/2025\/01\/Coral_20Feb7-683x1024.jpg 683w, https:\/\/nataliaar.com\/wp-content\/uploads\/2025\/01\/Coral_20Feb7-200x300.jpg 200w, https:\/\/nataliaar.com\/wp-content\/uploads\/2025\/01\/Coral_20Feb7-768x1152.jpg 768w, https:\/\/nataliaar.com\/wp-content\/uploads\/2025\/01\/Coral_20Feb7-1024x1536.jpg 1024w, https:\/\/nataliaar.com\/wp-content\/uploads\/2025\/01\/Coral_20Feb7.jpg 1365w\" sizes=\"(max-width: 683px) 100vw, 683px\" \/>\t\t\t\t\t\t\t\t\t\t\t\t\t\t\t<\/div>\n\t\t\t\t<\/div>\n\t\t\t\t<\/div>\n\t\t\t\t<\/div>\n\t\t\t\t<\/div>","protected":false},"excerpt":{"rendered":"<p>MODA LA FEMME BEAUTY &#8211; Fernando Valencia LA FEMME BEAUTY Fernando Valencia<\/p>","protected":false},"author":1,"featured_media":0,"parent":2445,"menu_order":0,"comment_status":"closed","ping_status":"closed","template":"","meta":{"site-sidebar-layout":"no-sidebar","site-content-layout":"plain-container","ast-site-content-layout":"full-width-container","site-content-style":"default","site-sidebar-style":"default","ast-global-header-display":"","ast-banner-title-visibility":"disabled","ast-main-header-display":"","ast-hfb-above-header-display":"","ast-hfb-below-header-display":"","ast-hfb-mobile-header-display":"","site-post-title":"disabled","ast-breadcrumbs-content":"","ast-featured-img":"disabled","footer-sml-layout":"","ast-disable-related-posts":"","theme-transparent-header-meta":"enabled","adv-header-id-meta":"","stick-header-meta":"","header-above-stick-meta":"","header-main-stick-meta":"","header-below-stick-meta":"","astra-migrate-meta-layouts":"default","ast-page-background-enabled":"default","ast-page-background-meta":{"desktop":{"background-color":"var(--ast-global-color-4)","background-image":"","background-repeat":"repeat","background-position":"center center","background-size":"auto","background-attachment":"scroll","background-type":"","background-media":"","overlay-type":"","overlay-color":"","overlay-opacity":"","overlay-gradient":""},"tablet":{"background-color":"","background-image":"","background-repeat":"repeat","background-position":"center center","background-size":"auto","background-attachment":"scroll","background-type":"","background-media":"","overlay-type":"","overlay-color":"","overlay-opacity":"","overlay-gradient":""},"mobile":{"background-color":"","background-image":"","background-repeat":"repeat","background-position":"center center","background-size":"auto","background-attachment":"scroll","background-type":"","background-media":"","overlay-type":"","overlay-color":"","overlay-opacity":"","overlay-gradient":""}},"ast-content-background-meta":{"desktop":{"background-color":"var(--ast-global-color-5)","background-image":"","background-repeat":"repeat","background-position":"center center","background-size":"auto","background-attachment":"scroll","background-type":"","background-media":"","overlay-type":"","overlay-color":"","overlay-opacity":"","overlay-gradient":""},"tablet":{"background-color":"var(--ast-global-color-5)","background-image":"","background-repeat":"repeat","background-position":"center center","background-size":"auto","background-attachment":"scroll","background-type":"","background-media":"","overlay-type":"","overlay-color":"","overlay-opacity":"","overlay-gradient":""},"mobile":{"background-color":"var(--ast-global-color-5)","background-image":"","background-repeat":"repeat","background-position":"center center","background-size":"auto","background-attachment":"scroll","background-type":"","background-media":"","overlay-type":"","overlay-color":"","overlay-opacity":"","overlay-gradient":""}},"_joinchat":[],"footnotes":""},"class_list":["post-1196","page","type-page","status-publish","hentry"],"_links":{"self":[{"href":"https:\/\/nataliaar.com\/en\/wp-json\/wp\/v2\/pages\/1196","targetHints":{"allow":["GET"]}}],"collection":[{"href":"https:\/\/nataliaar.com\/en\/wp-json\/wp\/v2\/pages"}],"about":[{"href":"https:\/\/nataliaar.com\/en\/wp-json\/wp\/v2\/types\/page"}],"author":[{"embeddable":true,"href":"https:\/\/nataliaar.com\/en\/wp-json\/wp\/v2\/users\/1"}],"replies":[{"embeddable":true,"href":"https:\/\/nataliaar.com\/en\/wp-json\/wp\/v2\/comments?post=1196"}],"version-history":[{"count":22,"href":"https:\/\/nataliaar.com\/en\/wp-json\/wp\/v2\/pages\/1196\/revisions"}],"predecessor-version":[{"id":1854,"href":"https:\/\/nataliaar.com\/en\/wp-json\/wp\/v2\/pages\/1196\/revisions\/1854"}],"up":[{"embeddable":true,"href":"https:\/\/nataliaar.com\/en\/wp-json\/wp\/v2\/pages\/2445"}],"wp:attachment":[{"href":"https:\/\/nataliaar.com\/en\/wp-json\/wp\/v2\/media?parent=1196"}],"curies":[{"name":"wp","href":"https:\/\/api.w.org\/{rel}","templated":true}]}}